{"id":161,"date":"2025-10-14T13:28:27","date_gmt":"2025-10-14T11:28:27","guid":{"rendered":"https:\/\/lisa-nl.nl\/home\/lisa-lisa-nl\/"},"modified":"2026-02-25T09:41:12","modified_gmt":"2026-02-25T08:41:12","slug":"lisa-lisa-nl","status":"publish","type":"page","link":"https:\/\/lisa-nl.nl\/nl\/home\/lisa-lisa-nl\/","title":{"rendered":"LISA &#038; LISA-NL"},"content":{"rendered":"<p>[et_pb_section fb_built=&#8221;1&#8243; _builder_version=&#8221;4.27.4&#8243; _module_preset=&#8221;default&#8221; global_colors_info=&#8221;{}&#8221;][et_pb_row _builder_version=&#8221;4.27.4&#8243; _module_preset=&#8221;default&#8221; global_colors_info=&#8221;{}&#8221;][et_pb_column type=&#8221;4_4&#8243; _builder_version=&#8221;4.27.4&#8243; _module_preset=&#8221;default&#8221; global_colors_info=&#8221;{}&#8221;][et_pb_text _builder_version=&#8221;4.27.4&#8243; _dynamic_attributes=&#8221;content&#8221; _module_preset=&#8221;default&#8221; text_text_color=&#8221;#FFFFFF&#8221; text_font_size=&#8221;50px&#8221; text_orientation=&#8221;center&#8221; global_colors_info=&#8221;{}&#8221;]@ET-DC@eyJkeW5hbWljIjp0cnVlLCJjb250ZW50IjoicG9zdF90aXRsZSIsInNldHRpbmdzIjp7ImJlZm9yZSI6IiIsImFmdGVyIjoiIn19@[\/et_pb_text][\/et_pb_column][\/et_pb_row][et_pb_row column_structure=&#8221;2_5,3_5&#8243; _builder_version=&#8221;4.27.4&#8243; _module_preset=&#8221;default&#8221; global_colors_info=&#8221;{}&#8221;][et_pb_column type=&#8221;2_5&#8243; _builder_version=&#8221;4.27.4&#8243; _module_preset=&#8221;default&#8221; global_colors_info=&#8221;{}&#8221;][et_pb_image alt=&#8221;LISA phase-locked interferometrie&#8221; title_text=&#8221;LISA phase-locked interferometrie&#8221; _builder_version=&#8221;4.27.5&#8243; _module_preset=&#8221;default&#8221; hover_enabled=&#8221;0&#8243; global_colors_info=&#8221;{}&#8221; src=&#8221;https:\/\/lisa-nl.nl\/wp-content\/uploads\/2025\/10\/14ab99c77ea061cd776543a0867a5fda.png&#8221; sticky_enabled=&#8221;0&#8243;][\/et_pb_image][\/et_pb_column][et_pb_column type=&#8221;3_5&#8243; _builder_version=&#8221;4.27.4&#8243; _module_preset=&#8221;default&#8221; global_colors_info=&#8221;{}&#8221;][et_pb_text _builder_version=&#8221;4.27.4&#8243; _module_preset=&#8221;default&#8221; custom_padding=&#8221;||0px|||&#8221; global_colors_info=&#8221;{}&#8221;]De Europese ruimtevaartorganisatie ESA lanceert midden jaren 2030 de eerste ruimtedetector voor zwaartekrachtsgolven: de Laser Interferometer Space Antenna (LISA).[\/et_pb_text][et_pb_text _builder_version=&#8221;4.27.4&#8243; _module_preset=&#8221;default&#8221; global_colors_info=&#8221;{}&#8221;]Zwaartekrachtsgolven zijn trillingen van de ruimte veroorzaakt door met name om elkaar cirkelende objecten zoals neutronensterren of zwarte gaten. Een beetje als dansende zwanen in een vijver, maar dan in drie dimensies. Hoe zwaarder de hemellichamen en hoe sneller ze rondcirkelen, des te krachtiger de zwaartekrachtsgolven. Vlak voor een botsing cirkelen ze het snelst om elkaar heen, wat soms resulteert in zwaartekrachtsgolven die krachtig genoeg zijn om te detecteren.[\/et_pb_text][et_pb_text _builder_version=&#8221;4.27.4&#8243; _module_preset=&#8221;default&#8221; global_colors_info=&#8221;{}&#8221;]LISA bestaat uit drie ruimtevaartuigen die hun onderlinge afstand in de gaten houden met laserstralen. Wanneer die afstand op en neer golft, weet de detector dat er een zwaartekrachtsgolf passeert. LISA wordt z\u00f3 gevoelig dat ze bij bepaalde golflengtes al de uitrekking van de ruimte opmerkt op een schaal van \u00e9\u00e9n op een triljard, ofwel een 1 met 21 nullen. Met LISA\u2019s armen komt dat neer op variaties van enkele picometers. Dat is ook nodig omdat de tot nu nog niet gedetecteerde superzware zwarte gaten miljarden lichtjaren ver weg liggen, en dus zijn hun zwaartekrachtsgolven afgezwakt als ze aankomen in ons zonnestelsel.[\/et_pb_text][et_pb_text _builder_version=&#8221;4.27.4&#8243; _module_preset=&#8221;default&#8221; global_colors_info=&#8221;{}&#8221;]LISA achtervolgt de Aarde in een baan om de Zon, op ruim vijftig miljoen kilometer achterstand. Met armen van 2,5 miljoen kilometer is LISA in staat om trillingen met veel langere golflengtes te meten dan de detectoren op aarde zoals LIGO en Virgo. Daarmee kan ze luisteren naar superzware zwarte gaten van miljoenen zonsmassa\u2019s die om elkaar heen draaien en daarbij langere golflengtes produceren. LIGO en Virgo zijn alleen gevoelig voor botsingen tussen stellaire zwarte gaten en neutronensterren op tientallen miljoenen lichtjaren, omdat de bijbehorende korte golflengtes passen bij hun relatief korte meetarmen. Ook golven uit het verre heelal hebben lange golflengtes, zoals die van de chaotische periode vlak na de oerknal en van de eerste zaadjes van superzware zwarte gaten.[\/et_pb_text][\/et_pb_column][\/et_pb_row][\/et_pb_section]<\/p>\n","protected":false},"excerpt":{"rendered":"<p>De Europese ruimtevaartorganisatie ESA lanceert midden jaren 2030 de eerste ruimtedetector voor zwaartekrachtsgolven: de Laser Interferometer Space Antenna (LISA).Zwaartekrachtsgolven zijn trillingen van de ruimte veroorzaakt door met name om elkaar cirkelende objecten zoals neutronensterren of zwarte gaten. Een beetje als dansende zwanen in een vijver, maar dan in drie dimensies. Hoe zwaarder de hemellichamen en [&hellip;]<\/p>\n","protected":false},"author":1,"featured_media":0,"parent":97,"menu_order":0,"comment_status":"closed","ping_status":"closed","template":"","meta":{"_et_pb_use_builder":"on","_et_pb_old_content":"","_et_gb_content_width":"","footnotes":""},"class_list":["post-161","page","type-page","status-publish","hentry"],"yoast_head":"<!-- This site is optimized with the Yoast SEO Premium plugin v27.5 (Yoast SEO v27.5) - https:\/\/yoast.com\/product\/yoast-seo-premium-wordpress\/ -->\n<title>LISA &amp; LISA-NL - SRON LISA-NL website<\/title>\n<meta name=\"robots\" content=\"index, follow, max-snippet:-1, max-image-preview:large, max-video-preview:-1\" \/>\n<link rel=\"canonical\" href=\"https:\/\/lisa-nl.nl\/nl\/home\/lisa-lisa-nl\/\" \/>\n<meta property=\"og:locale\" content=\"nl_NL\" \/>\n<meta property=\"og:type\" content=\"article\" \/>\n<meta property=\"og:title\" content=\"LISA &amp; LISA-NL\" \/>\n<meta property=\"og:description\" content=\"De Europese ruimtevaartorganisatie ESA lanceert midden jaren 2030 de eerste ruimtedetector voor zwaartekrachtsgolven: de Laser Interferometer Space Antenna (LISA).Zwaartekrachtsgolven zijn trillingen van de ruimte veroorzaakt door met name om elkaar cirkelende objecten zoals neutronensterren of zwarte gaten. Een beetje als dansende zwanen in een vijver, maar dan in drie dimensies. Hoe zwaarder de hemellichamen en [&hellip;]\" \/>\n<meta property=\"og:url\" content=\"https:\/\/lisa-nl.nl\/nl\/home\/lisa-lisa-nl\/\" \/>\n<meta property=\"og:site_name\" content=\"SRON LISA-NL website\" \/>\n<meta property=\"article:modified_time\" content=\"2026-02-25T08:41:12+00:00\" \/>\n<meta name=\"twitter:card\" content=\"summary_large_image\" \/>\n<meta name=\"twitter:label1\" content=\"Geschatte leestijd\" \/>\n\t<meta name=\"twitter:data1\" content=\"3 minuten\" \/>\n<script type=\"application\/ld+json\" class=\"yoast-schema-graph\">{\"@context\":\"https:\\\/\\\/schema.org\",\"@graph\":[{\"@type\":\"WebPage\",\"@id\":\"https:\\\/\\\/lisa-nl.nl\\\/nl\\\/home\\\/lisa-lisa-nl\\\/\",\"url\":\"https:\\\/\\\/lisa-nl.nl\\\/nl\\\/home\\\/lisa-lisa-nl\\\/\",\"name\":\"LISA & LISA-NL - SRON LISA-NL website\",\"isPartOf\":{\"@id\":\"https:\\\/\\\/lisa-nl.nl\\\/nl\\\/#website\"},\"datePublished\":\"2025-10-14T11:28:27+00:00\",\"dateModified\":\"2026-02-25T08:41:12+00:00\",\"breadcrumb\":{\"@id\":\"https:\\\/\\\/lisa-nl.nl\\\/nl\\\/home\\\/lisa-lisa-nl\\\/#breadcrumb\"},\"inLanguage\":\"nl-NL\",\"potentialAction\":[{\"@type\":\"ReadAction\",\"target\":[\"https:\\\/\\\/lisa-nl.nl\\\/nl\\\/home\\\/lisa-lisa-nl\\\/\"]}]},{\"@type\":\"BreadcrumbList\",\"@id\":\"https:\\\/\\\/lisa-nl.nl\\\/nl\\\/home\\\/lisa-lisa-nl\\\/#breadcrumb\",\"itemListElement\":[{\"@type\":\"ListItem\",\"position\":1,\"name\":\"Home\",\"item\":\"https:\\\/\\\/lisa-nl.nl\\\/nl\\\/home\\\/\"},{\"@type\":\"ListItem\",\"position\":2,\"name\":\"Home\",\"item\":\"https:\\\/\\\/lisa-nl.nl\\\/nl\\\/home\\\/\"},{\"@type\":\"ListItem\",\"position\":3,\"name\":\"LISA &#038; LISA-NL\"}]},{\"@type\":\"WebSite\",\"@id\":\"https:\\\/\\\/lisa-nl.nl\\\/nl\\\/#website\",\"url\":\"https:\\\/\\\/lisa-nl.nl\\\/nl\\\/\",\"name\":\"LISA-NL website\",\"description\":\"\",\"potentialAction\":[{\"@type\":\"SearchAction\",\"target\":{\"@type\":\"EntryPoint\",\"urlTemplate\":\"https:\\\/\\\/lisa-nl.nl\\\/nl\\\/?s={search_term_string}\"},\"query-input\":{\"@type\":\"PropertyValueSpecification\",\"valueRequired\":true,\"valueName\":\"search_term_string\"}}],\"inLanguage\":\"nl-NL\"}]}<\/script>\n<!-- \/ Yoast SEO Premium plugin. -->","yoast_head_json":{"title":"LISA & LISA-NL - SRON LISA-NL website","robots":{"index":"index","follow":"follow","max-snippet":"max-snippet:-1","max-image-preview":"max-image-preview:large","max-video-preview":"max-video-preview:-1"},"canonical":"https:\/\/lisa-nl.nl\/nl\/home\/lisa-lisa-nl\/","og_locale":"nl_NL","og_type":"article","og_title":"LISA & LISA-NL","og_description":"De Europese ruimtevaartorganisatie ESA lanceert midden jaren 2030 de eerste ruimtedetector voor zwaartekrachtsgolven: de Laser Interferometer Space Antenna (LISA).Zwaartekrachtsgolven zijn trillingen van de ruimte veroorzaakt door met name om elkaar cirkelende objecten zoals neutronensterren of zwarte gaten. Een beetje als dansende zwanen in een vijver, maar dan in drie dimensies. Hoe zwaarder de hemellichamen en [&hellip;]","og_url":"https:\/\/lisa-nl.nl\/nl\/home\/lisa-lisa-nl\/","og_site_name":"SRON LISA-NL website","article_modified_time":"2026-02-25T08:41:12+00:00","twitter_card":"summary_large_image","twitter_misc":{"Geschatte leestijd":"3 minuten"},"schema":{"@context":"https:\/\/schema.org","@graph":[{"@type":"WebPage","@id":"https:\/\/lisa-nl.nl\/nl\/home\/lisa-lisa-nl\/","url":"https:\/\/lisa-nl.nl\/nl\/home\/lisa-lisa-nl\/","name":"LISA & LISA-NL - SRON LISA-NL website","isPartOf":{"@id":"https:\/\/lisa-nl.nl\/nl\/#website"},"datePublished":"2025-10-14T11:28:27+00:00","dateModified":"2026-02-25T08:41:12+00:00","breadcrumb":{"@id":"https:\/\/lisa-nl.nl\/nl\/home\/lisa-lisa-nl\/#breadcrumb"},"inLanguage":"nl-NL","potentialAction":[{"@type":"ReadAction","target":["https:\/\/lisa-nl.nl\/nl\/home\/lisa-lisa-nl\/"]}]},{"@type":"BreadcrumbList","@id":"https:\/\/lisa-nl.nl\/nl\/home\/lisa-lisa-nl\/#breadcrumb","itemListElement":[{"@type":"ListItem","position":1,"name":"Home","item":"https:\/\/lisa-nl.nl\/nl\/home\/"},{"@type":"ListItem","position":2,"name":"Home","item":"https:\/\/lisa-nl.nl\/nl\/home\/"},{"@type":"ListItem","position":3,"name":"LISA &#038; LISA-NL"}]},{"@type":"WebSite","@id":"https:\/\/lisa-nl.nl\/nl\/#website","url":"https:\/\/lisa-nl.nl\/nl\/","name":"LISA-NL website","description":"","potentialAction":[{"@type":"SearchAction","target":{"@type":"EntryPoint","urlTemplate":"https:\/\/lisa-nl.nl\/nl\/?s={search_term_string}"},"query-input":{"@type":"PropertyValueSpecification","valueRequired":true,"valueName":"search_term_string"}}],"inLanguage":"nl-NL"}]}},"_links":{"self":[{"href":"https:\/\/lisa-nl.nl\/nl\/wp-json\/wp\/v2\/pages\/161","targetHints":{"allow":["GET"]}}],"collection":[{"href":"https:\/\/lisa-nl.nl\/nl\/wp-json\/wp\/v2\/pages"}],"about":[{"href":"https:\/\/lisa-nl.nl\/nl\/wp-json\/wp\/v2\/types\/page"}],"author":[{"embeddable":true,"href":"https:\/\/lisa-nl.nl\/nl\/wp-json\/wp\/v2\/users\/1"}],"replies":[{"embeddable":true,"href":"https:\/\/lisa-nl.nl\/nl\/wp-json\/wp\/v2\/comments?post=161"}],"version-history":[{"count":6,"href":"https:\/\/lisa-nl.nl\/nl\/wp-json\/wp\/v2\/pages\/161\/revisions"}],"predecessor-version":[{"id":506,"href":"https:\/\/lisa-nl.nl\/nl\/wp-json\/wp\/v2\/pages\/161\/revisions\/506"}],"up":[{"embeddable":true,"href":"https:\/\/lisa-nl.nl\/nl\/wp-json\/wp\/v2\/pages\/97"}],"wp:attachment":[{"href":"https:\/\/lisa-nl.nl\/nl\/wp-json\/wp\/v2\/media?parent=161"}],"curies":[{"name":"wp","href":"https:\/\/api.w.org\/{rel}","templated":true}]}}